{"id":196,"date":"2022-08-18T12:14:12","date_gmt":"2022-08-18T12:14:12","guid":{"rendered":"https:\/\/mitarbeiterbekleidung.online\/?post_type=product&#038;p=196"},"modified":"2022-08-18T12:38:09","modified_gmt":"2022-08-18T12:38:09","slug":"luminous-s3","status":"publish","type":"product","link":"https:\/\/mitarbeiterbekleidung.online\/?product=luminous-s3","title":{"rendered":"Luminous S3"},"content":{"rendered":"<p>Hochschuh, aus wasserabweisendem Leder mit reflektierendem Material.<br \/>\nFarbe: gelb fluo, mit SANY-DRY Innenfutter.<br \/>\nSchockabsorbierung, rutschfest, mit APT durchtrittssicherer Zwischensohle aus Stoff, nicht metallisch &#8211; Keine Lochung.<\/p>\n<p><strong>Plus<\/strong>: METAL FREE. <span style=\"color: #ff0000;\">HEAT BARRIER<\/span> anatomisches, antistatisches, w\u00e4rmeisolierendes und duftendes Fu\u00dfbett, mit der oberen Schicht aus Stoff.<br \/>\nDie besondere PU-Mischung garantiert die K\u00e4lteisolierung und eine optimale Innentemperatur.<br \/>\nArch Support aus Polycarbonat und Glassfiber gezielt zwischen Absatz und Fu\u00dfohle positioniert, der den Fu\u00dfbogen unterst\u00fctzt und sch\u00fctzt, damit gef\u00e4hrliche Biegungen vermieden werden.<\/p>\n<p>Sohle PU\/Nitrilgummi bis +300\u00b0C hitzebest\u00e4ndig (1 Minute Kontakt). Reflektierende Eins\u00e4tze.<br \/>\nDie Fluoreszenz der Farben des Schuhes entspricht der Norm EN ISO 20471:2013 f\u00fcr Warnschutzbekleidung.<\/p>\n","protected":false},"excerpt":{"rendered":"<p>Hochschuh, aus wasserabweisendem Leder mit reflektierendem Material.<br \/>\nFarbe: gelb fluo, mit SANY-DRY Innenfutter.<\/p>\n","protected":false},"featured_media":124,"comment_status":"open","ping_status":"closed","template":"","meta":{"_et_pb_use_builder":"","_et_pb_old_content":"","_et_gb_content_width":""},"product_cat":[49],"product_tag":[50,51],"class_list":{"0":"post-196","1":"product","2":"type-product","3":"status-publish","4":"has-post-thumbnail","6":"product_cat-sicherheitsschuhe","7":"product_tag-s3","8":"product_tag-sicherheitsschuhe","10":"first","11":"instock","12":"taxable","13":"shipping-taxable","14":"product-type-simple"},"yoast_head":"<!-- This site is optimized with the Yoast SEO plugin v19.10 - https:\/\/yoast.com\/wordpress\/plugins\/seo\/ -->\n<title>Luminous S3 - Enertrag Shop<\/title>\n<meta name=\"robots\" content=\"index, follow, max-snippet:-1, max-image-preview:large, max-video-preview:-1\" \/>\n<link rel=\"canonical\" href=\"https:\/\/mitarbeiterbekleidung.online\/?product=luminous-s3\" \/>\n<meta property=\"og:locale\" content=\"de_DE\" \/>\n<meta property=\"og:type\" content=\"article\" \/>\n<meta property=\"og:title\" content=\"Luminous S3 - Enertrag Shop\" \/>\n<meta property=\"og:description\" content=\"Hochschuh, aus wasserabweisendem Leder mit reflektierendem Material. Farbe: gelb fluo, mit SANY-DRY Innenfutter.\" \/>\n<meta property=\"og:url\" content=\"https:\/\/mitarbeiterbekleidung.online\/?product=luminous-s3\" \/>\n<meta property=\"og:site_name\" content=\"Enertrag Shop\" \/>\n<meta property=\"article:modified_time\" content=\"2022-08-18T12:38:09+00:00\" \/>\n<meta property=\"og:image\" content=\"https:\/\/mitarbeiterbekleidung.online\/wp-content\/uploads\/2022\/08\/Luminous-S3-HI-CI.jpg\" \/>\n\t<meta property=\"og:image:width\" content=\"1000\" \/>\n\t<meta property=\"og:image:height\" content=\"709\" \/>\n\t<meta property=\"og:image:type\" content=\"image\/jpeg\" \/>\n<meta name=\"twitter:card\" content=\"summary_large_image\" \/>\n<meta name=\"twitter:label1\" content=\"Gesch\u00e4tzte Lesezeit\" \/>\n\t<meta name=\"twitter:data1\" content=\"1\u00a0Minute\" \/>\n<script type=\"application\/ld+json\" class=\"yoast-schema-graph\">{\"@context\":\"https:\/\/schema.org\",\"@graph\":[{\"@type\":\"WebPage\",\"@id\":\"https:\/\/mitarbeiterbekleidung.online\/?product=luminous-s3\",\"url\":\"https:\/\/mitarbeiterbekleidung.online\/?product=luminous-s3\",\"name\":\"Luminous S3 - Enertrag Shop\",\"isPartOf\":{\"@id\":\"https:\/\/mitarbeiterbekleidung.online\/#website\"},\"datePublished\":\"2022-08-18T12:14:12+00:00\",\"dateModified\":\"2022-08-18T12:38:09+00:00\",\"breadcrumb\":{\"@id\":\"https:\/\/mitarbeiterbekleidung.online\/?product=luminous-s3#breadcrumb\"},\"inLanguage\":\"de\",\"potentialAction\":[{\"@type\":\"ReadAction\",\"target\":[\"https:\/\/mitarbeiterbekleidung.online\/?product=luminous-s3\"]}]},{\"@type\":\"BreadcrumbList\",\"@id\":\"https:\/\/mitarbeiterbekleidung.online\/?product=luminous-s3#breadcrumb\",\"itemListElement\":[{\"@type\":\"ListItem\",\"position\":1,\"name\":\"Startseite\",\"item\":\"https:\/\/mitarbeiterbekleidung.online\/\"},{\"@type\":\"ListItem\",\"position\":2,\"name\":\"Shop\",\"item\":\"https:\/\/mitarbeiterbekleidung.online\/?page_id=5\"},{\"@type\":\"ListItem\",\"position\":3,\"name\":\"Luminous S3\"}]},{\"@type\":\"WebSite\",\"@id\":\"https:\/\/mitarbeiterbekleidung.online\/#website\",\"url\":\"https:\/\/mitarbeiterbekleidung.online\/\",\"name\":\"Enertrag Shop\",\"description\":\"Enertrag Mitarbeitershop\",\"potentialAction\":[{\"@type\":\"SearchAction\",\"target\":{\"@type\":\"EntryPoint\",\"urlTemplate\":\"https:\/\/mitarbeiterbekleidung.online\/?s={search_term_string}\"},\"query-input\":\"required name=search_term_string\"}],\"inLanguage\":\"de\"}]}<\/script>\n<!-- \/ Yoast SEO plugin. -->","yoast_head_json":{"title":"Luminous S3 - Enertrag Shop","robots":{"index":"index","follow":"follow","max-snippet":"max-snippet:-1","max-image-preview":"max-image-preview:large","max-video-preview":"max-video-preview:-1"},"canonical":"https:\/\/mitarbeiterbekleidung.online\/?product=luminous-s3","og_locale":"de_DE","og_type":"article","og_title":"Luminous S3 - Enertrag Shop","og_description":"Hochschuh, aus wasserabweisendem Leder mit reflektierendem Material. Farbe: gelb fluo, mit SANY-DRY Innenfutter.","og_url":"https:\/\/mitarbeiterbekleidung.online\/?product=luminous-s3","og_site_name":"Enertrag Shop","article_modified_time":"2022-08-18T12:38:09+00:00","og_image":[{"width":1000,"height":709,"url":"https:\/\/mitarbeiterbekleidung.online\/wp-content\/uploads\/2022\/08\/Luminous-S3-HI-CI.jpg","type":"image\/jpeg"}],"twitter_card":"summary_large_image","twitter_misc":{"Gesch\u00e4tzte Lesezeit":"1\u00a0Minute"},"schema":{"@context":"https:\/\/schema.org","@graph":[{"@type":"WebPage","@id":"https:\/\/mitarbeiterbekleidung.online\/?product=luminous-s3","url":"https:\/\/mitarbeiterbekleidung.online\/?product=luminous-s3","name":"Luminous S3 - Enertrag Shop","isPartOf":{"@id":"https:\/\/mitarbeiterbekleidung.online\/#website"},"datePublished":"2022-08-18T12:14:12+00:00","dateModified":"2022-08-18T12:38:09+00:00","breadcrumb":{"@id":"https:\/\/mitarbeiterbekleidung.online\/?product=luminous-s3#breadcrumb"},"inLanguage":"de","potentialAction":[{"@type":"ReadAction","target":["https:\/\/mitarbeiterbekleidung.online\/?product=luminous-s3"]}]},{"@type":"BreadcrumbList","@id":"https:\/\/mitarbeiterbekleidung.online\/?product=luminous-s3#breadcrumb","itemListElement":[{"@type":"ListItem","position":1,"name":"Startseite","item":"https:\/\/mitarbeiterbekleidung.online\/"},{"@type":"ListItem","position":2,"name":"Shop","item":"https:\/\/mitarbeiterbekleidung.online\/?page_id=5"},{"@type":"ListItem","position":3,"name":"Luminous S3"}]},{"@type":"WebSite","@id":"https:\/\/mitarbeiterbekleidung.online\/#website","url":"https:\/\/mitarbeiterbekleidung.online\/","name":"Enertrag Shop","description":"Enertrag Mitarbeitershop","potentialAction":[{"@type":"SearchAction","target":{"@type":"EntryPoint","urlTemplate":"https:\/\/mitarbeiterbekleidung.online\/?s={search_term_string}"},"query-input":"required name=search_term_string"}],"inLanguage":"de"}]}},"uagb_featured_image_src":{"full":["https:\/\/mitarbeiterbekleidung.online\/wp-content\/uploads\/2022\/08\/Luminous-S3-HI-CI.jpg",1000,709,false],"thumbnail":["https:\/\/mitarbeiterbekleidung.online\/wp-content\/uploads\/2022\/08\/Luminous-S3-HI-CI-150x150.jpg",150,150,true],"medium":["https:\/\/mitarbeiterbekleidung.online\/wp-content\/uploads\/2022\/08\/Luminous-S3-HI-CI-300x213.jpg",300,213,true],"medium_large":["https:\/\/mitarbeiterbekleidung.online\/wp-content\/uploads\/2022\/08\/Luminous-S3-HI-CI-768x545.jpg",768,545,true],"large":["https:\/\/mitarbeiterbekleidung.online\/wp-content\/uploads\/2022\/08\/Luminous-S3-HI-CI.jpg",1000,709,false],"1536x1536":["https:\/\/mitarbeiterbekleidung.online\/wp-content\/uploads\/2022\/08\/Luminous-S3-HI-CI.jpg",1000,709,false],"2048x2048":["https:\/\/mitarbeiterbekleidung.online\/wp-content\/uploads\/2022\/08\/Luminous-S3-HI-CI.jpg",1000,709,false],"et-pb-post-main-image":["https:\/\/mitarbeiterbekleidung.online\/wp-content\/uploads\/2022\/08\/Luminous-S3-HI-CI-400x250.jpg",400,250,true],"et-pb-post-main-image-fullwidth":["https:\/\/mitarbeiterbekleidung.online\/wp-content\/uploads\/2022\/08\/Luminous-S3-HI-CI-1000x675.jpg",1000,675,true],"et-pb-portfolio-image":["https:\/\/mitarbeiterbekleidung.online\/wp-content\/uploads\/2022\/08\/Luminous-S3-HI-CI-400x284.jpg",400,284,true],"et-pb-portfolio-module-image":["https:\/\/mitarbeiterbekleidung.online\/wp-content\/uploads\/2022\/08\/Luminous-S3-HI-CI-510x382.jpg",510,382,true],"et-pb-portfolio-image-single":["https:\/\/mitarbeiterbekleidung.online\/wp-content\/uploads\/2022\/08\/Luminous-S3-HI-CI.jpg",1000,709,false],"et-pb-gallery-module-image-portrait":["https:\/\/mitarbeiterbekleidung.online\/wp-content\/uploads\/2022\/08\/Luminous-S3-HI-CI-400x516.jpg",400,516,true],"et-pb-post-main-image-fullwidth-large":["https:\/\/mitarbeiterbekleidung.online\/wp-content\/uploads\/2022\/08\/Luminous-S3-HI-CI.jpg",1000,709,false],"et-pb-image--responsive--desktop":["https:\/\/mitarbeiterbekleidung.online\/wp-content\/uploads\/2022\/08\/Luminous-S3-HI-CI.jpg",1000,709,false],"et-pb-image--responsive--tablet":["https:\/\/mitarbeiterbekleidung.online\/wp-content\/uploads\/2022\/08\/Luminous-S3-HI-CI-980x695.jpg",777,551,true],"et-pb-image--responsive--phone":["https:\/\/mitarbeiterbekleidung.online\/wp-content\/uploads\/2022\/08\/Luminous-S3-HI-CI-480x340.jpg",381,270,true],"woocommerce_thumbnail":["https:\/\/mitarbeiterbekleidung.online\/wp-content\/uploads\/2022\/08\/Luminous-S3-HI-CI-300x213.jpg",300,213,true],"woocommerce_single":["https:\/\/mitarbeiterbekleidung.online\/wp-content\/uploads\/2022\/08\/Luminous-S3-HI-CI-600x425.jpg",600,425,true],"woocommerce_gallery_thumbnail":["https:\/\/mitarbeiterbekleidung.online\/wp-content\/uploads\/2022\/08\/Luminous-S3-HI-CI-100x100.jpg",100,100,true]},"uagb_author_info":{"display_name":"Geulig","author_link":"https:\/\/mitarbeiterbekleidung.online\/?author=0"},"uagb_comment_info":1,"uagb_excerpt":"Hochschuh, aus wasserabweisendem Leder mit reflektierendem Material. Farbe: gelb fluo, mit SANY-DRY Innenfutter.","_links":{"self":[{"href":"https:\/\/mitarbeiterbekleidung.online\/index.php?rest_route=\/wp\/v2\/product\/196","targetHints":{"allow":["GET"]}}],"collection":[{"href":"https:\/\/mitarbeiterbekleidung.online\/index.php?rest_route=\/wp\/v2\/product"}],"about":[{"href":"https:\/\/mitarbeiterbekleidung.online\/index.php?rest_route=\/wp\/v2\/types\/product"}],"replies":[{"embeddable":true,"href":"https:\/\/mitarbeiterbekleidung.online\/index.php?rest_route=%2Fwp%2Fv2%2Fcomments&post=196"}],"wp:featuredmedia":[{"embeddable":true,"href":"https:\/\/mitarbeiterbekleidung.online\/index.php?rest_route=\/wp\/v2\/media\/124"}],"wp:attachment":[{"href":"https:\/\/mitarbeiterbekleidung.online\/index.php?rest_route=%2Fwp%2Fv2%2Fmedia&parent=196"}],"wp:term":[{"taxonomy":"product_cat","embeddable":true,"href":"https:\/\/mitarbeiterbekleidung.online\/index.php?rest_route=%2Fwp%2Fv2%2Fproduct_cat&post=196"},{"taxonomy":"product_tag","embeddable":true,"href":"https:\/\/mitarbeiterbekleidung.online\/index.php?rest_route=%2Fwp%2Fv2%2Fproduct_tag&post=196"}],"curies":[{"name":"wp","href":"https:\/\/api.w.org\/{rel}","templated":true}]}}