{"id":198,"date":"2022-08-18T12:15:43","date_gmt":"2022-08-18T12:15:43","guid":{"rendered":"https:\/\/mitarbeiterbekleidung.online\/?post_type=product&#038;p=198"},"modified":"2022-08-18T12:37:34","modified_gmt":"2022-08-18T12:37:34","slug":"summit-uk-s3","status":"publish","type":"product","link":"https:\/\/mitarbeiterbekleidung.online\/?product=summit-uk-s3","title":{"rendered":"Summit UK S3"},"content":{"rendered":"<p>Hochschuh aus wasserabweisendem Nubukleder und nylon CORDURA.<br \/>\nFarbe: schwarz.<br \/>\nMit COFRA-TEX Membrane Innenfutter, antistatisch, schockabsorbierung, rutschfest, mit APT durchtrittssicherer Zwischensohle aus Stoff, nicht metallisch &#8211; Keine Lochung.<\/p>\n<p><strong>Plus<\/strong>: COFRA-TEX Membrane, mit <strong>\u201dPROOF-LINING\u201c<\/strong> Bauweisesystem die direkt an die Brandsohle gen\u00e4ht und mit<br \/>\nbestimmtem Klebbstoff versiegelt wird.<br \/>\nDie Wasserdichtigkeit wird durch das Polyurethan Sohleabspritzen gew\u00e4hrleistet, das der Waaserdurchgang vermeidet.<br \/>\nKein Wasser dringt durch die Membrane ein. Der Wasserdampf dringt durch die Membrane ein und l\u00e4sst den Fu\u00df trocken.<\/p>\n<p>Anatomisches, antistatisches und gelochtes Fu\u00dfbett EVANIT aus einer besonderen Mischung aus EVA und Nitril mit variabler Dicke gew\u00e4hrleistet hohe K\u00f6rperunterst\u00fctzung.<br \/>\nThermogeformtes, anatomisches, gelochtes Fu\u00dfbett mit hochwertiger, atmungsaktiver Beschichtung. Die besondere Oberf\u00e4chenmischung und die Ableitf\u00e4den aus leitf\u00e4higen Gespinste machen das Fu\u00dfbett antistatisch.<br \/>\nArch Support aus Polycarbonat und Glassfiber gezielt zwischen Absatz und Fu\u00dfohle positioniert, der den<br \/>\nFu\u00dfbogen unterst\u00fctzt und sch\u00fctzt, damit gef\u00e4hrliche Biegungen vermieden werden.<\/p>\n<p>Vorderkappe aus Polyuhrethan nur f\u00fcr die Gr\u00f6\u00dfen 40-48.<\/p>\n","protected":false},"excerpt":{"rendered":"<p>Hochschuh aus wasserabweisendem Nubukleder und nylon CORDURA.<br \/>\nFarbe: schwarz.<\/p>\n","protected":false},"featured_media":203,"comment_status":"open","ping_status":"closed","template":"","meta":{"_et_pb_use_builder":"","_et_pb_old_content":"","_et_gb_content_width":""},"product_cat":[49],"product_tag":[50,51],"class_list":{"0":"post-198","1":"product","2":"type-product","3":"status-publish","4":"has-post-thumbnail","6":"product_cat-sicherheitsschuhe","7":"product_tag-s3","8":"product_tag-sicherheitsschuhe","10":"first","11":"instock","12":"taxable","13":"shipping-taxable","14":"product-type-simple"},"yoast_head":"<!-- This site is optimized with the Yoast SEO plugin v19.10 - https:\/\/yoast.com\/wordpress\/plugins\/seo\/ -->\n<title>Summit UK S3 - Enertrag Shop<\/title>\n<meta name=\"robots\" content=\"index, follow, max-snippet:-1, max-image-preview:large, max-video-preview:-1\" \/>\n<link rel=\"canonical\" href=\"https:\/\/mitarbeiterbekleidung.online\/?product=summit-uk-s3\" \/>\n<meta property=\"og:locale\" content=\"de_DE\" \/>\n<meta property=\"og:type\" content=\"article\" \/>\n<meta property=\"og:title\" content=\"Summit UK S3 - Enertrag Shop\" \/>\n<meta property=\"og:description\" content=\"Hochschuh aus wasserabweisendem Nubukleder und nylon CORDURA. Farbe: schwarz.\" \/>\n<meta property=\"og:url\" content=\"https:\/\/mitarbeiterbekleidung.online\/?product=summit-uk-s3\" \/>\n<meta property=\"og:site_name\" content=\"Enertrag Shop\" \/>\n<meta property=\"article:modified_time\" content=\"2022-08-18T12:37:34+00:00\" \/>\n<meta property=\"og:image\" content=\"https:\/\/mitarbeiterbekleidung.online\/wp-content\/uploads\/2022\/08\/Summit_uk_S3_.jpg\" \/>\n\t<meta property=\"og:image:width\" content=\"1000\" \/>\n\t<meta property=\"og:image:height\" content=\"709\" \/>\n\t<meta property=\"og:image:type\" content=\"image\/jpeg\" \/>\n<meta name=\"twitter:card\" content=\"summary_large_image\" \/>\n<meta name=\"twitter:label1\" content=\"Gesch\u00e4tzte Lesezeit\" \/>\n\t<meta name=\"twitter:data1\" content=\"1\u00a0Minute\" \/>\n<script type=\"application\/ld+json\" class=\"yoast-schema-graph\">{\"@context\":\"https:\/\/schema.org\",\"@graph\":[{\"@type\":\"WebPage\",\"@id\":\"https:\/\/mitarbeiterbekleidung.online\/?product=summit-uk-s3\",\"url\":\"https:\/\/mitarbeiterbekleidung.online\/?product=summit-uk-s3\",\"name\":\"Summit UK S3 - Enertrag Shop\",\"isPartOf\":{\"@id\":\"https:\/\/mitarbeiterbekleidung.online\/#website\"},\"datePublished\":\"2022-08-18T12:15:43+00:00\",\"dateModified\":\"2022-08-18T12:37:34+00:00\",\"breadcrumb\":{\"@id\":\"https:\/\/mitarbeiterbekleidung.online\/?product=summit-uk-s3#breadcrumb\"},\"inLanguage\":\"de\",\"potentialAction\":[{\"@type\":\"ReadAction\",\"target\":[\"https:\/\/mitarbeiterbekleidung.online\/?product=summit-uk-s3\"]}]},{\"@type\":\"BreadcrumbList\",\"@id\":\"https:\/\/mitarbeiterbekleidung.online\/?product=summit-uk-s3#breadcrumb\",\"itemListElement\":[{\"@type\":\"ListItem\",\"position\":1,\"name\":\"Startseite\",\"item\":\"https:\/\/mitarbeiterbekleidung.online\/\"},{\"@type\":\"ListItem\",\"position\":2,\"name\":\"Shop\",\"item\":\"https:\/\/mitarbeiterbekleidung.online\/?page_id=5\"},{\"@type\":\"ListItem\",\"position\":3,\"name\":\"Summit UK S3\"}]},{\"@type\":\"WebSite\",\"@id\":\"https:\/\/mitarbeiterbekleidung.online\/#website\",\"url\":\"https:\/\/mitarbeiterbekleidung.online\/\",\"name\":\"Enertrag Shop\",\"description\":\"Enertrag Mitarbeitershop\",\"potentialAction\":[{\"@type\":\"SearchAction\",\"target\":{\"@type\":\"EntryPoint\",\"urlTemplate\":\"https:\/\/mitarbeiterbekleidung.online\/?s={search_term_string}\"},\"query-input\":\"required name=search_term_string\"}],\"inLanguage\":\"de\"}]}<\/script>\n<!-- \/ Yoast SEO plugin. -->","yoast_head_json":{"title":"Summit UK S3 - Enertrag Shop","robots":{"index":"index","follow":"follow","max-snippet":"max-snippet:-1","max-image-preview":"max-image-preview:large","max-video-preview":"max-video-preview:-1"},"canonical":"https:\/\/mitarbeiterbekleidung.online\/?product=summit-uk-s3","og_locale":"de_DE","og_type":"article","og_title":"Summit UK S3 - Enertrag Shop","og_description":"Hochschuh aus wasserabweisendem Nubukleder und nylon CORDURA. Farbe: schwarz.","og_url":"https:\/\/mitarbeiterbekleidung.online\/?product=summit-uk-s3","og_site_name":"Enertrag Shop","article_modified_time":"2022-08-18T12:37:34+00:00","og_image":[{"width":1000,"height":709,"url":"https:\/\/mitarbeiterbekleidung.online\/wp-content\/uploads\/2022\/08\/Summit_uk_S3_.jpg","type":"image\/jpeg"}],"twitter_card":"summary_large_image","twitter_misc":{"Gesch\u00e4tzte Lesezeit":"1\u00a0Minute"},"schema":{"@context":"https:\/\/schema.org","@graph":[{"@type":"WebPage","@id":"https:\/\/mitarbeiterbekleidung.online\/?product=summit-uk-s3","url":"https:\/\/mitarbeiterbekleidung.online\/?product=summit-uk-s3","name":"Summit UK S3 - Enertrag Shop","isPartOf":{"@id":"https:\/\/mitarbeiterbekleidung.online\/#website"},"datePublished":"2022-08-18T12:15:43+00:00","dateModified":"2022-08-18T12:37:34+00:00","breadcrumb":{"@id":"https:\/\/mitarbeiterbekleidung.online\/?product=summit-uk-s3#breadcrumb"},"inLanguage":"de","potentialAction":[{"@type":"ReadAction","target":["https:\/\/mitarbeiterbekleidung.online\/?product=summit-uk-s3"]}]},{"@type":"BreadcrumbList","@id":"https:\/\/mitarbeiterbekleidung.online\/?product=summit-uk-s3#breadcrumb","itemListElement":[{"@type":"ListItem","position":1,"name":"Startseite","item":"https:\/\/mitarbeiterbekleidung.online\/"},{"@type":"ListItem","position":2,"name":"Shop","item":"https:\/\/mitarbeiterbekleidung.online\/?page_id=5"},{"@type":"ListItem","position":3,"name":"Summit UK S3"}]},{"@type":"WebSite","@id":"https:\/\/mitarbeiterbekleidung.online\/#website","url":"https:\/\/mitarbeiterbekleidung.online\/","name":"Enertrag Shop","description":"Enertrag Mitarbeitershop","potentialAction":[{"@type":"SearchAction","target":{"@type":"EntryPoint","urlTemplate":"https:\/\/mitarbeiterbekleidung.online\/?s={search_term_string}"},"query-input":"required name=search_term_string"}],"inLanguage":"de"}]}},"uagb_featured_image_src":{"full":["https:\/\/mitarbeiterbekleidung.online\/wp-content\/uploads\/2022\/08\/Summit_uk_S3_.jpg",1000,709,false],"thumbnail":["https:\/\/mitarbeiterbekleidung.online\/wp-content\/uploads\/2022\/08\/Summit_uk_S3_-150x150.jpg",150,150,true],"medium":["https:\/\/mitarbeiterbekleidung.online\/wp-content\/uploads\/2022\/08\/Summit_uk_S3_-300x213.jpg",300,213,true],"medium_large":["https:\/\/mitarbeiterbekleidung.online\/wp-content\/uploads\/2022\/08\/Summit_uk_S3_-768x545.jpg",768,545,true],"large":["https:\/\/mitarbeiterbekleidung.online\/wp-content\/uploads\/2022\/08\/Summit_uk_S3_.jpg",1000,709,false],"1536x1536":["https:\/\/mitarbeiterbekleidung.online\/wp-content\/uploads\/2022\/08\/Summit_uk_S3_.jpg",1000,709,false],"2048x2048":["https:\/\/mitarbeiterbekleidung.online\/wp-content\/uploads\/2022\/08\/Summit_uk_S3_.jpg",1000,709,false],"et-pb-post-main-image":["https:\/\/mitarbeiterbekleidung.online\/wp-content\/uploads\/2022\/08\/Summit_uk_S3_-400x250.jpg",400,250,true],"et-pb-post-main-image-fullwidth":["https:\/\/mitarbeiterbekleidung.online\/wp-content\/uploads\/2022\/08\/Summit_uk_S3_-1000x675.jpg",1000,675,true],"et-pb-portfolio-image":["https:\/\/mitarbeiterbekleidung.online\/wp-content\/uploads\/2022\/08\/Summit_uk_S3_-400x284.jpg",400,284,true],"et-pb-portfolio-module-image":["https:\/\/mitarbeiterbekleidung.online\/wp-content\/uploads\/2022\/08\/Summit_uk_S3_-510x382.jpg",510,382,true],"et-pb-portfolio-image-single":["https:\/\/mitarbeiterbekleidung.online\/wp-content\/uploads\/2022\/08\/Summit_uk_S3_.jpg",1000,709,false],"et-pb-gallery-module-image-portrait":["https:\/\/mitarbeiterbekleidung.online\/wp-content\/uploads\/2022\/08\/Summit_uk_S3_-400x516.jpg",400,516,true],"et-pb-post-main-image-fullwidth-large":["https:\/\/mitarbeiterbekleidung.online\/wp-content\/uploads\/2022\/08\/Summit_uk_S3_.jpg",1000,709,false],"et-pb-image--responsive--desktop":["https:\/\/mitarbeiterbekleidung.online\/wp-content\/uploads\/2022\/08\/Summit_uk_S3_.jpg",1000,709,false],"et-pb-image--responsive--tablet":["https:\/\/mitarbeiterbekleidung.online\/wp-content\/uploads\/2022\/08\/Summit_uk_S3_-980x695.jpg",777,551,true],"et-pb-image--responsive--phone":["https:\/\/mitarbeiterbekleidung.online\/wp-content\/uploads\/2022\/08\/Summit_uk_S3_-480x340.jpg",381,270,true],"woocommerce_thumbnail":["https:\/\/mitarbeiterbekleidung.online\/wp-content\/uploads\/2022\/08\/Summit_uk_S3_-300x213.jpg",300,213,true],"woocommerce_single":["https:\/\/mitarbeiterbekleidung.online\/wp-content\/uploads\/2022\/08\/Summit_uk_S3_-600x425.jpg",600,425,true],"woocommerce_gallery_thumbnail":["https:\/\/mitarbeiterbekleidung.online\/wp-content\/uploads\/2022\/08\/Summit_uk_S3_-100x100.jpg",100,100,true]},"uagb_author_info":{"display_name":"Geulig","author_link":"https:\/\/mitarbeiterbekleidung.online\/?author=0"},"uagb_comment_info":0,"uagb_excerpt":"Hochschuh aus wasserabweisendem Nubukleder und nylon CORDURA. Farbe: schwarz.","_links":{"self":[{"href":"https:\/\/mitarbeiterbekleidung.online\/index.php?rest_route=\/wp\/v2\/product\/198","targetHints":{"allow":["GET"]}}],"collection":[{"href":"https:\/\/mitarbeiterbekleidung.online\/index.php?rest_route=\/wp\/v2\/product"}],"about":[{"href":"https:\/\/mitarbeiterbekleidung.online\/index.php?rest_route=\/wp\/v2\/types\/product"}],"replies":[{"embeddable":true,"href":"https:\/\/mitarbeiterbekleidung.online\/index.php?rest_route=%2Fwp%2Fv2%2Fcomments&post=198"}],"wp:featuredmedia":[{"embeddable":true,"href":"https:\/\/mitarbeiterbekleidung.online\/index.php?rest_route=\/wp\/v2\/media\/203"}],"wp:attachment":[{"href":"https:\/\/mitarbeiterbekleidung.online\/index.php?rest_route=%2Fwp%2Fv2%2Fmedia&parent=198"}],"wp:term":[{"taxonomy":"product_cat","embeddable":true,"href":"https:\/\/mitarbeiterbekleidung.online\/index.php?rest_route=%2Fwp%2Fv2%2Fproduct_cat&post=198"},{"taxonomy":"product_tag","embeddable":true,"href":"https:\/\/mitarbeiterbekleidung.online\/index.php?rest_route=%2Fwp%2Fv2%2Fproduct_tag&post=198"}],"curies":[{"name":"wp","href":"https:\/\/api.w.org\/{rel}","templated":true}]}}